{"id":14983,"date":"2020-11-24T12:13:02","date_gmt":"2020-11-24T11:13:02","guid":{"rendered":"https:\/\/aemc.eu\/?page_id=14983"},"modified":"2020-11-24T12:13:02","modified_gmt":"2020-11-24T11:13:02","slug":"cgv","status":"publish","type":"page","link":"https:\/\/aemc.eu\/en\/cgv\/","title":{"rendered":"Condition G\u00e9n\u00e9rales de Vente"},"content":{"rendered":"<div id=\"cmsmasters_row_8m7n027ljz\" class=\"cmsmasters_row cmsmasters_color_scheme_default cmsmasters_row_top_default cmsmasters_row_bot_default cmsmasters_row_boxed\">\n<div class=\"cmsmasters_row_outer_parent\">\n<div class=\"cmsmasters_row_outer\">\n<div class=\"cmsmasters_row_inner\">\n<div class=\"cmsmasters_row_margin\">\n<div id=\"cmsmasters_column_1hv2ahcl7q\" class=\"cmsmasters_column one_first\">\n<div class=\"cmsmasters_column_inner\"><div id=\"cmsmasters_heading_nccgznv8iq\" class=\"cmsmasters_heading_wrap cmsmasters_heading_align_left\">\n\t<h3 class=\"cmsmasters_heading\">1. Objet<\/h3>\n<\/div><div class=\"cmsmasters_text\">\n<p>Les pr\u00e9sentes conditions g\u00e9n\u00e9rales d\u00e9finissent les droits et obligations des parties dans le cadre de la r\u00e9servation \u00e0 distance de services propos\u00e9s par notre \u00e9tablissement dont les coordonn\u00e9es sont pr\u00e9cis\u00e9es dans le pr\u00e9sent document de confirmation de r\u00e9servation. Elles r\u00e9gissent toutes les \u00e9tapes n\u00e9cessaires \u00e0 la r\u00e9servation et au suivi de la r\u00e9servation entre les parties contractantes. Le client reconna\u00eet avoir pris connaissance et accept\u00e9 les pr\u00e9sentes conditions g\u00e9n\u00e9rales de vente et les conditions de vente du tarif r\u00e9serv\u00e9 accessibles sur notre plateforme de r\u00e9servation. Les pr\u00e9sentes conditions g\u00e9n\u00e9rales de vente s&rsquo;appliquent \u00e0 toutes les r\u00e9servations conclues par internet, via notre plateforme de r\u00e9servation.<\/p>\n<\/div>\n<div id=\"cmsmasters_heading_1tfcu16fp\" class=\"cmsmasters_heading_wrap cmsmasters_heading_align_left\">\n\t<h3 class=\"cmsmasters_heading\">2. R\u00e9servation<\/h3>\n<\/div><div class=\"cmsmasters_text\">\n<p>Le client choisit les services pr\u00e9sent\u00e9s sur notre plateforme de r\u00e9servation. Il reconna\u00eet avoir pris connaissance de la nature, de la destination et des modalit\u00e9s de r\u00e9servation des services disponibles sur notre plateforme de r\u00e9servation et avoir sollicit\u00e9 et obtenu des informations n\u00e9cessaires et\/ou compl\u00e9mentaires pour effectuer sa r\u00e9servation en parfaite connaissance de cause. Le client est seul responsable de son choix des services et de leur ad\u00e9quation \u00e0 ses besoins, de telle sorte que notre responsabilit\u00e9 ne peut \u00eatre recherch\u00e9e \u00e0 cet \u00e9gard. La r\u00e9servation est r\u00e9put\u00e9e accept\u00e9e par le client \u00e0 l&rsquo;issue du processus de r\u00e9servation.<\/p>\n<\/div>\n<div id=\"cmsmasters_heading_zfkye2g18t\" class=\"cmsmasters_heading_wrap cmsmasters_heading_align_left\">\n\t<h3 class=\"cmsmasters_heading\">3. Processus de r\u00e9servation<\/h3>\n<\/div><div class=\"cmsmasters_text\">\n<p>Les r\u00e9servations effectu\u00e9es par le client se font par l&rsquo;interm\u00e9diaire du bon de r\u00e9servation d\u00e9mat\u00e9rialis\u00e9 accessible en ligne sur notre plateforme de r\u00e9servation. La r\u00e9servation est r\u00e9put\u00e9e form\u00e9e d\u00e8s la r\u00e9ception du bon de r\u00e9servation. Le client s&rsquo;engage, pr\u00e9alablement \u00e0 toute r\u00e9servation, \u00e0 compl\u00e9ter les informations demand\u00e9es sur le bon ou la demande de r\u00e9servation. Le client atteste de la v\u00e9racit\u00e9 et de l&rsquo;exactitude des informations transmises. Apr\u00e8s le choix d\u00e9finitif des prestations \u00e0 r\u00e9server, la proc\u00e9dure de r\u00e9servation comprend notamment la saisie de la carte bancaire en cas de demande de garantie ou de pr\u00e9paiement, la consultation et l\u2019acceptation des conditions g\u00e9n\u00e9rales de vente et des conditions de vente du tarif r\u00e9serv\u00e9 avant la validation de la r\u00e9servation et, enfin, la validation de la r\u00e9servation par le client.<\/p>\n<\/div>\n<div id=\"cmsmasters_heading_7x2lmfy2o8\" class=\"cmsmasters_heading_wrap cmsmasters_heading_align_left\">\n\t<h3 class=\"cmsmasters_heading\">4. Accus\u00e9 de r\u00e9ception de la r\u00e9servation<\/h3>\n<\/div><div class=\"cmsmasters_text\">\n<p>Notre plateforme de r\u00e9servation accuse r\u00e9ception de la r\u00e9servation du client par l\u2019envoi sans d\u00e9lai d\u2019un courrier \u00e9lectronique. Dans le cas de la r\u00e9servation en ligne, l&rsquo;accus\u00e9 de r\u00e9ception de la r\u00e9servation par courrier \u00e9lectronique r\u00e9capitule l&rsquo;offre de contrat, les services r\u00e9serv\u00e9s, les prix, les conditions de ventes aff\u00e9rentes au tarif s\u00e9lectionn\u00e9, accept\u00e9es par le client, la date de r\u00e9servation effectu\u00e9e, les informations relatives aux conditions de r\u00e9alisation du service, ainsi que l\u2019adresse de l\u2019\u00e9tablissement du vendeur aupr\u00e8s duquel le client peut pr\u00e9senter ses r\u00e9clamations.<\/p>\n<\/div>\n<div id=\"cmsmasters_heading_hd6kp0h20f\" class=\"cmsmasters_heading_wrap cmsmasters_heading_align_left\">\n\t<h3 class=\"cmsmasters_heading\">5. Annulation ou modification du fait du client<\/h3>\n<\/div><div class=\"cmsmasters_text\">\n<p>Il est rappel\u00e9 au client, conform\u00e9ment \u00e0 l\u2019article L. 121-21-8 12\u00b0 du Code de la consommation, qu\u2019il ne dispose pas du droit de r\u00e9tractation pr\u00e9vu \u00e0 l\u2019article L. 121-21 du Code de la consommation. Les conditions de vente du tarif r\u00e9serv\u00e9 pr\u00e9cisent les modalit\u00e9s d\u2019annulation et\/ou de modification de la r\u00e9servation.<br \/>\nLes r\u00e9servations avec paiement pourront faire l\u2019objet de modifications dans un d\u00e9lai de trois jours avant la date de rendez-vous.<br \/>\nAucun remboursement n\u2019est possible en cas d\u2019annulation.<br \/>\nToute r\u00e9servation est nominative et ne peut en aucun cas \u00eatre c\u00e9d\u00e9e \u00e0 un tiers, que ce soit \u00e0 titre gratuit ou on\u00e9reux.<\/p>\n<\/div>\n<div id=\"cmsmasters_heading_vmokcjmh1\" class=\"cmsmasters_heading_wrap cmsmasters_heading_align_left\">\n\t<h3 class=\"cmsmasters_heading\">6. Consommation de la prestation<\/h3>\n<\/div><div class=\"cmsmasters_text\">\n<p>En application de la r\u00e9glementation, il pourra \u00eatre demand\u00e9 au client, \u00e0 l\u2019arriv\u00e9e, de remplir une fiche de police. Pour ce faire, il sera demand\u00e9 au client de pr\u00e9senter une pi\u00e8ce d\u2019identit\u00e9 afin de v\u00e9rifier si celui-ci doit compl\u00e9ter ou non la fiche de police. Tout comportement contraire aux bonnes m\u0153urs et \u00e0 l\u2019ordre public am\u00e8nera l\u2019\u00e9tablissement \u00e0 demander au client de quitter l\u2019\u00e9tablissement sans aucune indemnit\u00e9 et ou sans aucun remboursement si un r\u00e8glement a d\u00e9j\u00e0 \u00e9t\u00e9 effectu\u00e9.<\/p>\n<\/div>\n<div id=\"cmsmasters_heading_jruhqjlpo7\" class=\"cmsmasters_heading_wrap cmsmasters_heading_align_left\">\n\t<h3 class=\"cmsmasters_heading\">7. Responsabilit\u00e9<\/h3>\n<\/div><div class=\"cmsmasters_text\">\n<p>Les photographies pr\u00e9sent\u00e9es sur notre plateforme de r\u00e9servation ne sont pas contractuelles. M\u00eame si tous les meilleurs efforts sont faits pour que les photographies, repr\u00e9sentations graphiques et les textes reproduits pour illustrer les \u00e9tablissements pr\u00e9sent\u00e9s donnent un aper\u00e7u aussi exact que possible des prestations propos\u00e9es, des variations peuvent intervenir entre le moment de la r\u00e9servation et le jour de la consommation du service. L\u2019\u00e9tablissement ne saurait \u00eatre tenu pour responsable de l&rsquo;inex\u00e9cution ou de la mauvaise ex\u00e9cution de la r\u00e9servation en cas de force majeure, du fait du tiers, du fait du client, notamment l&rsquo;indisponibilit\u00e9 du r\u00e9seau internet, impossibilit\u00e9 d\u2019acc\u00e8s au site web, intrusion ext\u00e9rieure, virus informatiques ou en cas pr\u00e9paiement non autoris\u00e9 par la banque du porteur. Toute r\u00e9servation ou paiement qui seraient irr\u00e9guliers, inop\u00e9rants, incomplets ou frauduleux pour un motif imputable au client entra\u00eenera l\u2019annulation de la commande aux frais du client, sans pr\u00e9judice de toute action civile ou p\u00e9nale \u00e0 l\u2019encontre de ce dernier.<\/p>\n<\/div>\n<div id=\"cmsmasters_heading_583enif733\" class=\"cmsmasters_heading_wrap cmsmasters_heading_align_left\">\n\t<h3 class=\"cmsmasters_heading\">8. R\u00e9clamations<\/h3>\n<\/div><div class=\"cmsmasters_text\">\n<p>Les r\u00e9clamations relatives \u00e0 l\u2019inex\u00e9cution ou \u00e0 la mauvaise ex\u00e9cution des prestations r\u00e9serv\u00e9es doivent, sous peine de forclusion, \u00eatre port\u00e9es \u00e0 notre connaissance par \u00e9crit dans les huit jours apr\u00e8s la date de la visite.<\/p>\n<\/div>\n<div id=\"cmsmasters_heading_8a1u0ommf\" class=\"cmsmasters_heading_wrap cmsmasters_heading_align_left\">\n\t<h3 class=\"cmsmasters_heading\">9. Prix<\/h3>\n<\/div><div class=\"cmsmasters_text\">\n<p>Les prix aff\u00e9rents \u00e0 la r\u00e9servation des services sont indiqu\u00e9s avant et lors de la r\u00e9servation. Les prix sont confirm\u00e9s au client en montant TTC, dans la devise commerciale de l\u2019\u00e9tablissement. Si le d\u00e9bit \u00e0 l\u2019\u00e9tablissement s\u2019effectue dans une monnaie autre que celle confirm\u00e9e sur la r\u00e9servation, les frais de change sont \u00e0 la charge du client. Toutes les r\u00e9servations, quelle que soit leur origine, sont payables dans la monnaie locale de l\u2019\u00e9tablissement, sauf dispositions particuli\u00e8res indiqu\u00e9es sur place. Sauf mention contraire sur la plateforme de r\u00e9servation, les prestations compl\u00e9mentaires ne sont pas incluses dans le prix. Les examens ou services compl\u00e9mentaires (pr\u00e9sent\u00e9s sur la page des tarifs) n\u00e9cessaires, le cas \u00e9ch\u00e9ant, lors de votre visite seront factur\u00e9s et \u00e0 r\u00e9gler directement sur place aupr\u00e8s de l\u2019\u00e9tablissement. Les prix tiennent compte de la TVA applicable au jour de la commande et tout changement du taux applicable \u00e0 la TVA sera automatiquement r\u00e9percut\u00e9 sur les prix indiqu\u00e9s \u00e0 la date de facturation. Toute modification ou instauration de nouvelles taxes l\u00e9gales ou r\u00e9glementaires impos\u00e9es par les autorit\u00e9s comp\u00e9tentes seront automatiquement r\u00e9percut\u00e9es sur les prix indiqu\u00e9s \u00e0 la date de la facturation.<\/p>\n<\/div>\n<div id=\"cmsmasters_heading_ckg6zt6n2b\" class=\"cmsmasters_heading_wrap cmsmasters_heading_align_left\">\n\t<h3 class=\"cmsmasters_heading\">10. Paiement<\/h3>\n<\/div><div class=\"cmsmasters_text\">\n<p>Le client communique ses coordonn\u00e9es bancaires \u00e0 titre de garantie de la r\u00e9servation sauf conditions ou tarifs sp\u00e9ciaux, par carte bancaire de cr\u00e9dit ou privative (Visa, Mastercard, American Express, Diners Club\u2026 selon les possibilit\u00e9s offertes par la plateforme de r\u00e9servation de l&rsquo;\u00e9tablissement) en indiquant directement, dans la zone pr\u00e9vue \u00e0 cet effet (saisie s\u00e9curis\u00e9e par cryptage SSL), le num\u00e9ro de carte, sans espaces entre les chiffres, ainsi que sa date de validit\u00e9 (il est pr\u00e9cis\u00e9 que la carte bancaire utilis\u00e9e doit \u00eatre valable au moment de la consommation du service) et le cryptogramme visuel. Il doit se pr\u00e9senter \u00e0 l\u2019\u00e9tablissement avec la carte bancaire lui ayant permis de garantir la r\u00e9servation. Le d\u00e9bit total du paiement s\u2019effectue lors de la r\u00e9servation. Ce pr\u00e9paiement est qualifi\u00e9 d\u2019arrhes. En cas de no show (r\u00e9servation non annul\u00e9e \u2013 client non pr\u00e9sent) d\u2019une r\u00e9servation garantie par carte bancaire, l\u2019\u00e9tablissement d\u00e9bitera le client, \u00e0 titre d\u2019indemnit\u00e9 forfaitaire, du montant indiqu\u00e9 dans ses conditions g\u00e9n\u00e9rales et conditions particuli\u00e8res de vente. L\u2019\u00e9tablissement a choisi e-transactions.fr afin de s\u00e9curiser les paiements en ligne par carte bancaire. La validit\u00e9 de la carte de paiement du client est v\u00e9rifi\u00e9e par e-transactions.fr. Il peut y avoir un refus de la carte de paiement pour plusieurs raisons : carte vol\u00e9e, carte bloqu\u00e9e, plafond atteint, erreur de saisie\u2026 En cas de probl\u00e8me, le client devra se rapprocher de sa banque d\u2019une part, de l\u2019\u00e9tablissement d\u2019autre part pour confirmer sa r\u00e9servation et son mode de paiement. Dans le cas d\u2019un tarif soumis au pr\u00e9paiement en ligne, la somme vers\u00e9e d\u2019avance, que sont les arrhes, est d\u00e9bit\u00e9e au moment de la r\u00e9servation. Certains \u00e9tablissements peuvent g\u00e9n\u00e9rer des factures\/notes par voie \u00e9lectronique, le fichier original est certifi\u00e9 et disponible en ligne \u00e0 l\u2019adresse internet communiqu\u00e9e par l\u2019\u00e9tablissement.<\/p>\n<\/div>\n<div id=\"cmsmasters_heading_09foknunzp\" class=\"cmsmasters_heading_wrap cmsmasters_heading_align_left\">\n\t<h3 class=\"cmsmasters_heading\">11. Respect de la vie priv\u00e9e<\/h3>\n<\/div><div class=\"cmsmasters_text\">\n<p>Le client est inform\u00e9, sur chacun des formulaires de collecte de donn\u00e9es \u00e0 caract\u00e8re personnel, du caract\u00e8re obligatoire ou facultatif des r\u00e9ponses par la pr\u00e9sence d\u2019un ast\u00e9risque. Les informations trait\u00e9es sont destin\u00e9es au CEM et au CEMPN, \u00e0 ses entit\u00e9s, \u00e0 ses partenaires, \u00e0 ses prestataires (et notamment aux prestataires de paiement en ligne).<br \/>\nEn particulier lors du paiement en ligne, les coordonn\u00e9es bancaires du client devront \u00eatre transmises par le prestataire de paiement \u00e0 la banque de l\u2019\u00e9tablissement, pour l\u2019ex\u00e9cution du contrat de r\u00e9servation. Le client est inform\u00e9 que ce transfert de donn\u00e9es peut donc s\u2019ex\u00e9cuter dans des pays \u00e9trangers ne disposant pas d\u2019une protection des donn\u00e9es personnelles ad\u00e9quate au sens de la loi Informatique et Libert\u00e9s. Cependant, le client consent \u00e0 ce transfert n\u00e9cessaire pour l\u2019ex\u00e9cution de sa r\u00e9servation.<\/p>\n<\/div>\n<div id=\"cmsmasters_heading_9dpgw4v38q\" class=\"cmsmasters_heading_wrap cmsmasters_heading_align_left\">\n\t<h3 class=\"cmsmasters_heading\">12. Convention de preuve<\/h3>\n<\/div><div class=\"cmsmasters_text\">\n<p>La saisie des informations bancaires requises, ainsi que l\u2019acceptation des pr\u00e9sentes conditions g\u00e9n\u00e9rales et du bon ou de la demande de r\u00e9servation, constitue une signature \u00e9lectronique qui a, entre les parties, la m\u00eame valeur qu&rsquo;une signature manuscrite. Les registres informatis\u00e9s conserv\u00e9s dans les syst\u00e8mes informatiques de cempn.fr seront conserv\u00e9s dans des conditions raisonnables de s\u00e9curit\u00e9 et consid\u00e9r\u00e9s comme les preuves des communications, des commandes et des paiements intervenus entre les parties. Le client est inform\u00e9 que son adresse IP est enregistr\u00e9e au moment de la r\u00e9servation.<\/p>\n<\/div>\n<div id=\"cmsmasters_heading_kl92hwakzi\" class=\"cmsmasters_heading_wrap cmsmasters_heading_align_left\">\n\t<h3 class=\"cmsmasters_heading\">13. Force majeure<\/h3>\n<\/div><div class=\"cmsmasters_text\">\n<p>La force majeure s\u2019entend de tout \u00e9v\u00e8nement ext\u00e9rieur aux parties pr\u00e9sentant un caract\u00e8re \u00e0 la fois impr\u00e9visible et insurmontable qui emp\u00eache soit le client, soit l\u2019\u00e9tablissement d\u2019assurer tout ou partie des obligations pr\u00e9vues au contrat. Sont consid\u00e9r\u00e9s comme cas de force majeure ou cas fortuit ceux habituellement reconnus par la jurisprudence des Cours et Tribunaux fran\u00e7ais. Chaque partie ne pourra \u00eatre tenue responsable \u00e0 l\u2019\u00e9gard de l\u2019autre partie en cas d\u2019inex\u00e9cution de ses obligations r\u00e9sultant d\u2019un \u00e9v\u00e8nement de force majeure. Il est express\u00e9ment convenu que la force majeure suspend, pour les parties, l\u2019ex\u00e9cution de leurs obligations r\u00e9ciproques et que chaque partie supporte la charge des frais qui en d\u00e9coulent.<\/p>\n<\/div>\n<div id=\"cmsmasters_heading_eqtariuqpa\" class=\"cmsmasters_heading_wrap cmsmasters_heading_align_left\">\n\t<h3 class=\"cmsmasters_heading\">14. R\u00e8glement des litiges<\/h3>\n<\/div><div class=\"cmsmasters_text\">\n<p>Les pr\u00e9sentes Conditions g\u00e9n\u00e9rales de vente sont r\u00e9gies par la loi du pays de l\u2019\u00e9tablissement sans faire obstacle aux dispositions imp\u00e9ratives protectrices \u00e9ventuellement applicables du pays de r\u00e9sidence des consommateurs.<\/p>\n<\/div>\n<div id=\"cmsmasters_heading_9hneqhu57\" class=\"cmsmasters_heading_wrap cmsmasters_heading_align_left\">\n\t<h3 class=\"cmsmasters_heading\">15. Int\u00e9gralit\u00e9<\/h3>\n<\/div><div class=\"cmsmasters_text\">\n<p>Les pr\u00e9sentes Conditions g\u00e9n\u00e9rales de vente, les conditions de vente du tarif r\u00e9serv\u00e9 par le client, et le bon ou la demande de r\u00e9servation expriment l&rsquo;int\u00e9gralit\u00e9 des obligations des parties. Aucune condition g\u00e9n\u00e9rale ou sp\u00e9cifique communiqu\u00e9e par le client ne pourra s&rsquo;int\u00e9grer aux pr\u00e9sentes conditions g\u00e9n\u00e9rales. Les documents formant les engagements contractuels entre les parties sont, par ordre de priorit\u00e9 d\u00e9croissant, le bon ou la demande de r\u00e9servation (dont les conditions particuli\u00e8res du tarif r\u00e9serv\u00e9) et les pr\u00e9sentes conditions g\u00e9n\u00e9rales. En cas de contradiction entre le bon de r\u00e9servation et les conditions g\u00e9n\u00e9rales, les dispositions figurant au bon de r\u00e9servation seront les seules applicables pour l\u2019obligation en cause. Les pr\u00e9sentes conditions g\u00e9n\u00e9rales de vente par internet peuvent \u00eatre \u00e0 tout moment modifi\u00e9es et\/ou compl\u00e9t\u00e9es par l\u2019\u00e9tablissement. Dans ce cas, la nouvelle version des conditions g\u00e9n\u00e9rales de vente par internet sera mise en ligne par l\u2019\u00e9tablissement. D\u00e8s sa mise en ligne sur internet, la nouvelle version des conditions g\u00e9n\u00e9rales de vente par internet s\u2019appliquera automatiquement pour tous les clients.<\/p>\n<\/div>\n<\/div><\/div>\n<\/div>\n<\/div>\n<\/div>\n<\/div>\n<\/div>","protected":false},"excerpt":{"rendered":"","protected":false},"author":1,"featured_media":0,"parent":0,"menu_order":0,"comment_status":"closed","ping_status":"closed","template":"","meta":[],"yoast_head":"<!-- This site is optimized with the Yoast SEO plugin v19.0 - https:\/\/yoast.com\/wordpress\/plugins\/seo\/ -->\n<title>Condition G\u00e9n\u00e9rales de Vente - CEMPN Toulouse-Blagnac<\/title>\n<meta name=\"description\" content=\"Centre d&#039;Expertise M\u00e9dicale du Personnel Navigant de Toulouse-Blagnac\" \/>\n<meta name=\"robots\" content=\"index, follow, max-snippet:-1, max-image-preview:large, max-video-preview:-1\" \/>\n<link rel=\"canonical\" href=\"https:\/\/aemc.eu\/en\/cgv\/\" \/>\n<meta property=\"og:locale\" content=\"en_GB\" \/>\n<meta property=\"og:type\" content=\"article\" \/>\n<meta property=\"og:title\" content=\"Condition G\u00e9n\u00e9rales de Vente - CEMPN Toulouse-Blagnac\" \/>\n<meta property=\"og:description\" content=\"Centre d&#039;Expertise M\u00e9dicale du Personnel Navigant de Toulouse-Blagnac\" \/>\n<meta property=\"og:url\" content=\"https:\/\/aemc.eu\/en\/cgv\/\" \/>\n<meta property=\"og:site_name\" content=\"CEMPN Toulouse-Blagnac\" \/>\n<meta name=\"twitter:card\" content=\"summary_large_image\" \/>\n<meta name=\"twitter:label1\" content=\"Estimated reading time\" \/>\n\t<meta name=\"twitter:data1\" content=\"14 minutes\" \/>\n<script type=\"application\/ld+json\" class=\"yoast-schema-graph\">{\"@context\":\"https:\/\/schema.org\",\"@graph\":[{\"@type\":\"Organization\",\"@id\":\"https:\/\/aemc.eu\/#organization\",\"name\":\"CEMPN Toulouse-Blagnac\",\"url\":\"https:\/\/aemc.eu\/\",\"sameAs\":[\"https:\/\/www.linkedin.com\/company\/centre-d-expertise-m\u00e9dicale-du-personnel-navigant\/\"],\"logo\":{\"@type\":\"ImageObject\",\"inLanguage\":\"en-GB\",\"@id\":\"https:\/\/aemc.eu\/#\/schema\/logo\/image\/\",\"url\":\"https:\/\/aemc.eu\/wp-content\/uploads\/2020\/09\/Logo_CEM_small.png\",\"contentUrl\":\"https:\/\/aemc.eu\/wp-content\/uploads\/2020\/09\/Logo_CEM_small.png\",\"width\":450,\"height\":192,\"caption\":\"CEMPN Toulouse-Blagnac\"},\"image\":{\"@id\":\"https:\/\/aemc.eu\/#\/schema\/logo\/image\/\"}},{\"@type\":\"WebSite\",\"@id\":\"https:\/\/aemc.eu\/#website\",\"url\":\"https:\/\/aemc.eu\/\",\"name\":\"CEMPN Toulouse-Blagnac\",\"description\":\"Centre d&#039;Expertise M\u00e9dicale du Personnel Navigant\",\"publisher\":{\"@id\":\"https:\/\/aemc.eu\/#organization\"},\"potentialAction\":[{\"@type\":\"SearchAction\",\"target\":{\"@type\":\"EntryPoint\",\"urlTemplate\":\"https:\/\/aemc.eu\/?s={search_term_string}\"},\"query-input\":\"required name=search_term_string\"}],\"inLanguage\":\"en-GB\"},{\"@type\":\"WebPage\",\"@id\":\"https:\/\/aemc.eu\/cgv\/#webpage\",\"url\":\"https:\/\/aemc.eu\/cgv\/\",\"name\":\"Condition G\u00e9n\u00e9rales de Vente - CEMPN Toulouse-Blagnac\",\"isPartOf\":{\"@id\":\"https:\/\/aemc.eu\/#website\"},\"datePublished\":\"2020-11-24T11:13:02+00:00\",\"dateModified\":\"2020-11-24T11:13:02+00:00\",\"description\":\"Centre d'Expertise M\u00e9dicale du Personnel Navigant de Toulouse-Blagnac\",\"breadcrumb\":{\"@id\":\"https:\/\/aemc.eu\/cgv\/#breadcrumb\"},\"inLanguage\":\"en-GB\",\"potentialAction\":[{\"@type\":\"ReadAction\",\"target\":[\"https:\/\/aemc.eu\/cgv\/\"]}]},{\"@type\":\"BreadcrumbList\",\"@id\":\"https:\/\/aemc.eu\/cgv\/#breadcrumb\",\"itemListElement\":[{\"@type\":\"ListItem\",\"position\":1,\"name\":\"Accueil\",\"item\":\"https:\/\/aemc.eu\/en\/\"},{\"@type\":\"ListItem\",\"position\":2,\"name\":\"Condition G\u00e9n\u00e9rales de Vente\"}]}]}<\/script>\n<!-- \/ Yoast SEO plugin. -->","yoast_head_json":{"title":"Condition G\u00e9n\u00e9rales de Vente - CEMPN Toulouse-Blagnac","description":"Centre d'Expertise M\u00e9dicale du Personnel Navigant de Toulouse-Blagnac","robots":{"index":"index","follow":"follow","max-snippet":"max-snippet:-1","max-image-preview":"max-image-preview:large","max-video-preview":"max-video-preview:-1"},"canonical":"https:\/\/aemc.eu\/en\/cgv\/","og_locale":"en_GB","og_type":"article","og_title":"Condition G\u00e9n\u00e9rales de Vente - CEMPN Toulouse-Blagnac","og_description":"Centre d'Expertise M\u00e9dicale du Personnel Navigant de Toulouse-Blagnac","og_url":"https:\/\/aemc.eu\/en\/cgv\/","og_site_name":"CEMPN Toulouse-Blagnac","twitter_card":"summary_large_image","twitter_misc":{"Estimated reading time":"14 minutes"},"schema":{"@context":"https:\/\/schema.org","@graph":[{"@type":"Organization","@id":"https:\/\/aemc.eu\/#organization","name":"CEMPN Toulouse-Blagnac","url":"https:\/\/aemc.eu\/","sameAs":["https:\/\/www.linkedin.com\/company\/centre-d-expertise-m\u00e9dicale-du-personnel-navigant\/"],"logo":{"@type":"ImageObject","inLanguage":"en-GB","@id":"https:\/\/aemc.eu\/#\/schema\/logo\/image\/","url":"https:\/\/aemc.eu\/wp-content\/uploads\/2020\/09\/Logo_CEM_small.png","contentUrl":"https:\/\/aemc.eu\/wp-content\/uploads\/2020\/09\/Logo_CEM_small.png","width":450,"height":192,"caption":"CEMPN Toulouse-Blagnac"},"image":{"@id":"https:\/\/aemc.eu\/#\/schema\/logo\/image\/"}},{"@type":"WebSite","@id":"https:\/\/aemc.eu\/#website","url":"https:\/\/aemc.eu\/","name":"CEMPN Toulouse-Blagnac","description":"Centre d&#039;Expertise M\u00e9dicale du Personnel Navigant","publisher":{"@id":"https:\/\/aemc.eu\/#organization"},"potentialAction":[{"@type":"SearchAction","target":{"@type":"EntryPoint","urlTemplate":"https:\/\/aemc.eu\/?s={search_term_string}"},"query-input":"required name=search_term_string"}],"inLanguage":"en-GB"},{"@type":"WebPage","@id":"https:\/\/aemc.eu\/cgv\/#webpage","url":"https:\/\/aemc.eu\/cgv\/","name":"Condition G\u00e9n\u00e9rales de Vente - CEMPN Toulouse-Blagnac","isPartOf":{"@id":"https:\/\/aemc.eu\/#website"},"datePublished":"2020-11-24T11:13:02+00:00","dateModified":"2020-11-24T11:13:02+00:00","description":"Centre d'Expertise M\u00e9dicale du Personnel Navigant de Toulouse-Blagnac","breadcrumb":{"@id":"https:\/\/aemc.eu\/cgv\/#breadcrumb"},"inLanguage":"en-GB","potentialAction":[{"@type":"ReadAction","target":["https:\/\/aemc.eu\/cgv\/"]}]},{"@type":"BreadcrumbList","@id":"https:\/\/aemc.eu\/cgv\/#breadcrumb","itemListElement":[{"@type":"ListItem","position":1,"name":"Accueil","item":"https:\/\/aemc.eu\/en\/"},{"@type":"ListItem","position":2,"name":"Condition G\u00e9n\u00e9rales de Vente"}]}]}},"_links":{"self":[{"href":"https:\/\/aemc.eu\/en\/wp-json\/wp\/v2\/pages\/14983"}],"collection":[{"href":"https:\/\/aemc.eu\/en\/wp-json\/wp\/v2\/pages"}],"about":[{"href":"https:\/\/aemc.eu\/en\/wp-json\/wp\/v2\/types\/page"}],"author":[{"embeddable":true,"href":"https:\/\/aemc.eu\/en\/wp-json\/wp\/v2\/users\/1"}],"replies":[{"embeddable":true,"href":"https:\/\/aemc.eu\/en\/wp-json\/wp\/v2\/comments?post=14983"}],"version-history":[{"count":2,"href":"https:\/\/aemc.eu\/en\/wp-json\/wp\/v2\/pages\/14983\/revisions"}],"predecessor-version":[{"id":14985,"href":"https:\/\/aemc.eu\/en\/wp-json\/wp\/v2\/pages\/14983\/revisions\/14985"}],"wp:attachment":[{"href":"https:\/\/aemc.eu\/en\/wp-json\/wp\/v2\/media?parent=14983"}],"curies":[{"name":"wp","href":"https:\/\/api.w.org\/{rel}","templated":true}]}}